{"id":121,"date":"2021-05-19T16:43:50","date_gmt":"2021-05-19T20:43:50","guid":{"rendered":"https:\/\/blueprint.tactikdev.com\/?page_id=121"},"modified":"2022-04-14T11:51:39","modified_gmt":"2022-04-14T15:51:39","slug":"nous-joindre","status":"publish","type":"page","link":"https:\/\/apnglobal.ca\/fr\/nous-joindre\/","title":{"rendered":"Nous joindre"},"content":{"rendered":"","protected":false},"excerpt":{"rendered":"","protected":false},"author":1,"featured_media":0,"parent":0,"menu_order":0,"comment_status":"closed","ping_status":"closed","template":"","meta":{"_acf_changed":false,"_seopress_robots_primary_cat":"","_seopress_titles_title":"Nous joindre | APN Global","_seopress_titles_desc":"Contactez-nous ! Vous avez des questions g\u00e9n\u00e9rales ou besoin d\u2019informations sur un projet sp\u00e9cifique, notre \u00e9quipe est l\u00e0 pour vous aider.","_seopress_robots_index":"","footnotes":""},"class_list":["post-121","page","type-page","status-publish","hentry"],"acf":[],"_links":{"self":[{"href":"https:\/\/apnglobal.ca\/fr\/wp-json\/wp\/v2\/pages\/121","targetHints":{"allow":["GET"]}}],"collection":[{"href":"https:\/\/apnglobal.ca\/fr\/wp-json\/wp\/v2\/pages"}],"about":[{"href":"https:\/\/apnglobal.ca\/fr\/wp-json\/wp\/v2\/types\/page"}],"author":[{"embeddable":true,"href":"https:\/\/apnglobal.ca\/fr\/wp-json\/wp\/v2\/users\/1"}],"replies":[{"embeddable":true,"href":"https:\/\/apnglobal.ca\/fr\/wp-json\/wp\/v2\/comments?post=121"}],"version-history":[{"count":3,"href":"https:\/\/apnglobal.ca\/fr\/wp-json\/wp\/v2\/pages\/121\/revisions"}],"predecessor-version":[{"id":346,"href":"https:\/\/apnglobal.ca\/fr\/wp-json\/wp\/v2\/pages\/121\/revisions\/346"}],"wp:attachment":[{"href":"https:\/\/apnglobal.ca\/fr\/wp-json\/wp\/v2\/media?parent=121"}],"curies":[{"name":"wp","href":"https:\/\/api.w.org\/{rel}","templated":true}]}}