{"id":238,"date":"2022-02-14T11:55:16","date_gmt":"2022-02-14T15:55:16","guid":{"rendered":"https:\/\/apn.tactikdev.com\/?page_id=238"},"modified":"2022-04-13T15:53:02","modified_gmt":"2022-04-13T19:53:02","slug":"entreprise","status":"publish","type":"page","link":"https:\/\/apnglobal.ca\/fr\/entreprise\/","title":{"rendered":"Entreprise"},"content":{"rendered":"","protected":false},"excerpt":{"rendered":"","protected":false},"author":1,"featured_media":249,"parent":0,"menu_order":0,"comment_status":"closed","ping_status":"closed","template":"","meta":{"_acf_changed":false,"_seopress_robots_primary_cat":"","_seopress_titles_title":"\u00c0 propos | APN Global","_seopress_titles_desc":"APN est l\u2019une des entreprise d\u2019usinage les plus efficaces en Am\u00e9rique du Nord et poss\u00e8de plusieurs sites de production offrant des produits de haute qualit\u00e9.","_seopress_robots_index":"","footnotes":""},"class_list":["post-238","page","type-page","status-publish","has-post-thumbnail","hentry"],"acf":[],"_links":{"self":[{"href":"https:\/\/apnglobal.ca\/fr\/wp-json\/wp\/v2\/pages\/238","targetHints":{"allow":["GET"]}}],"collection":[{"href":"https:\/\/apnglobal.ca\/fr\/wp-json\/wp\/v2\/pages"}],"about":[{"href":"https:\/\/apnglobal.ca\/fr\/wp-json\/wp\/v2\/types\/page"}],"author":[{"embeddable":true,"href":"https:\/\/apnglobal.ca\/fr\/wp-json\/wp\/v2\/users\/1"}],"replies":[{"embeddable":true,"href":"https:\/\/apnglobal.ca\/fr\/wp-json\/wp\/v2\/comments?post=238"}],"version-history":[{"count":5,"href":"https:\/\/apnglobal.ca\/fr\/wp-json\/wp\/v2\/pages\/238\/revisions"}],"predecessor-version":[{"id":347,"href":"https:\/\/apnglobal.ca\/fr\/wp-json\/wp\/v2\/pages\/238\/revisions\/347"}],"wp:featuredmedia":[{"embeddable":true,"href":"https:\/\/apnglobal.ca\/fr\/wp-json\/wp\/v2\/media\/249"}],"wp:attachment":[{"href":"https:\/\/apnglobal.ca\/fr\/wp-json\/wp\/v2\/media?parent=238"}],"curies":[{"name":"wp","href":"https:\/\/api.w.org\/{rel}","templated":true}]}}