{"id":297,"date":"2022-02-14T17:30:21","date_gmt":"2022-02-14T21:30:21","guid":{"rendered":"https:\/\/apn.tactikdev.com\/?page_id=297"},"modified":"2022-04-14T11:56:43","modified_gmt":"2022-04-14T15:56:43","slug":"nouvelles","status":"publish","type":"page","link":"https:\/\/apnglobal.ca\/fr\/nouvelles\/","title":{"rendered":"Nouvelles"},"content":{"rendered":"","protected":false},"excerpt":{"rendered":"","protected":false},"author":1,"featured_media":0,"parent":0,"menu_order":0,"comment_status":"closed","ping_status":"closed","template":"","meta":{"_acf_changed":false,"_seopress_robots_primary_cat":"","_seopress_titles_title":"Nouvelles | APN Global","_seopress_titles_desc":"D\u00e9couvrez nos plus r\u00e9centes nouvelles ! Restez \u00e0 l&#039;affut des innovations dans le domaine des pi\u00e8ces usin\u00e9es dans les secteurs m\u00e9dical, industriel, et plus.","_seopress_robots_index":"","footnotes":""},"class_list":["post-297","page","type-page","status-publish","hentry"],"acf":[],"_links":{"self":[{"href":"https:\/\/apnglobal.ca\/fr\/wp-json\/wp\/v2\/pages\/297","targetHints":{"allow":["GET"]}}],"collection":[{"href":"https:\/\/apnglobal.ca\/fr\/wp-json\/wp\/v2\/pages"}],"about":[{"href":"https:\/\/apnglobal.ca\/fr\/wp-json\/wp\/v2\/types\/page"}],"author":[{"embeddable":true,"href":"https:\/\/apnglobal.ca\/fr\/wp-json\/wp\/v2\/users\/1"}],"replies":[{"embeddable":true,"href":"https:\/\/apnglobal.ca\/fr\/wp-json\/wp\/v2\/comments?post=297"}],"version-history":[{"count":3,"href":"https:\/\/apnglobal.ca\/fr\/wp-json\/wp\/v2\/pages\/297\/revisions"}],"predecessor-version":[{"id":309,"href":"https:\/\/apnglobal.ca\/fr\/wp-json\/wp\/v2\/pages\/297\/revisions\/309"}],"wp:attachment":[{"href":"https:\/\/apnglobal.ca\/fr\/wp-json\/wp\/v2\/media?parent=297"}],"curies":[{"name":"wp","href":"https:\/\/api.w.org\/{rel}","templated":true}]}}