{"id":79,"date":"2021-05-14T10:53:09","date_gmt":"2021-05-14T14:53:09","guid":{"rendered":"https:\/\/blueprint.tactikdev.com\/?page_id=79"},"modified":"2021-09-16T15:11:38","modified_gmt":"2021-09-16T19:11:38","slug":"html-sitemap","status":"publish","type":"page","link":"https:\/\/apnglobal.ca\/fr\/html-sitemap\/","title":{"rendered":"HTML Sitemap"},"content":{"rendered":"<div class=\"wrap-html-sitemap sp-html-sitemap\"><div class=\"sp-wrap-cpt\"><h2 class=\"sp-cpt-name\">Pages<\/h2><ul class=\"sp-list-posts sp-cpt-hierarchical\"><li class=\"page_item page-item-297\"><a href=\"https:\/\/apnglobal.ca\/fr\/nouvelles\/\">Nouvelles<\/a><\/li><li class=\"page_item page-item-238\"><a href=\"https:\/\/apnglobal.ca\/fr\/entreprise\/\">Entreprise<\/a><\/li><li class=\"page_item page-item-121\"><a href=\"https:\/\/apnglobal.ca\/fr\/nous-joindre\/\">Nous joindre<\/a><\/li><li class=\"page_item page-item-66\"><a href=\"https:\/\/apnglobal.ca\/fr\/\">Accueil<\/a><\/li><\/ul><\/div><div class=\"sp-wrap-cpt\"><h2 class=\"sp-cpt-name\">Articles<\/h2><div class=\"sp-wrap-cats\"><div class=\"sp-wrap-cat\"><h3 class=\"sp-cat-name\"><a href=\"https:\/\/apnglobal.ca\/fr\/category\/actualites\/\">Actualit\u00e9s<\/a><\/h3><ul class=\"sp-list-posts\"><li><a href=\"https:\/\/apnglobal.ca\/fr\/apn-dans-le-plan-de-loiq\/\">APN dans le plan de l\u2019OIQ<\/a> - 16 mars 2022<\/li><li><a href=\"https:\/\/apnglobal.ca\/fr\/apn-global-fier-partenaire-de-stiq\/\">APN Global, fier partenaire de stiq<\/a> - 16 mars 2022<\/li><li><a href=\"https:\/\/apnglobal.ca\/fr\/apn-un-exemple-de-prosperite-et-de-productivite\/\">APN un exemple de prosp\u00e9rit\u00e9 et de productivit\u00e9<\/a> - 16 mars 2022<\/li><li><a href=\"https:\/\/apnglobal.ca\/fr\/lindustrie-4-0-et-apn-global\/\">L\u2019industrie 4.0 et APN Global<\/a> - 16 mars 2022<\/li><li><a href=\"https:\/\/apnglobal.ca\/fr\/une-belle-annonce-dinvestissement-quebec\/\">Une belle annonce d\u2019investissement Qu\u00e9bec<\/a> - 12 juin 2019<\/li><\/ul><\/div><div class=\"sp-wrap-cat\"><h3 class=\"sp-cat-name\"><a href=\"https:\/\/apnglobal.ca\/fr\/category\/honneur\/\">Honneur<\/a><\/h3><ul class=\"sp-list-posts\"><li><a href=\"https:\/\/apnglobal.ca\/fr\/apn-remporte-le-prix-performance-quebec\/\">APN remporte le prix performance qu\u00e9bec<\/a> - 16 mars 2022<\/li><li><a href=\"https:\/\/apnglobal.ca\/fr\/apn-remporte-le-prix-adriq-2019\/\">APN remporte le prix adriq 2019<\/a> - 16 mars 2022<\/li><\/ul><\/div><div class=\"sp-wrap-cat\"><h3 class=\"sp-cat-name\"><a href=\"https:\/\/apnglobal.ca\/fr\/category\/innovation\/\">Innovation<\/a><\/h3><ul class=\"sp-list-posts\"><li><a href=\"https:\/\/apnglobal.ca\/fr\/robotiq-etudie-le-cas-dapn\/\">Robotiq \u00e9tudie le cas d\u2019APN<\/a> - 16 mars 2022<\/li><li><a href=\"https:\/\/apnglobal.ca\/fr\/apn-en-constante-amelioration\/\">APN en constante am\u00e9lioration<\/a> - 16 mars 2022<\/li><li><a href=\"https:\/\/apnglobal.ca\/fr\/limportance-de-la-robotisation\/\">L\u2019importance de la robotisation<\/a> - 16 mars 2022<\/li><li><a href=\"https:\/\/apnglobal.ca\/fr\/la-croissance-dapn-global-se-poursuit\/\">La croissance d'APN se poursuit<\/a> - 14 f\u00e9vrier 2022<\/li><\/ul><\/div><\/div><\/div><div class=\"sp-wrap-cpt\"><h2 class=\"sp-cpt-name\">Industries<\/h2><div class=\"sp-archive-link\"><a href=\"https:\/\/apnglobal.ca\/fr\/secteurs\/\">View all industries<\/a><\/div><ul class=\"sp-list-posts\"><li><a href=\"https:\/\/apnglobal.ca\/fr\/secteurs\/scientifique\/\">Scientifique<\/a> - 14 f\u00e9vrier 2022<\/li><li><a href=\"https:\/\/apnglobal.ca\/fr\/secteurs\/medical\/\">M\u00e9dical<\/a> - 14 f\u00e9vrier 2022<\/li><\/ul><\/div><div class=\"sp-wrap-cpt\"><h2 class=\"sp-cpt-name\">Production sites<\/h2><div class=\"sp-archive-link\"><a href=\"https:\/\/apnglobal.ca\/fr\/sites-production\/\">View all production sites<\/a><\/div><ul class=\"sp-list-posts\"><li><a href=\"https:\/\/apnglobal.ca\/fr\/sites-production\/afp\/\">Analytical Flow Products<\/a> - 24 f\u00e9vrier 2022<\/li><li><a href=\"https:\/\/apnglobal.ca\/fr\/sites-production\/apn\/\">APN<\/a> - 23 f\u00e9vrier 2022<\/li><\/ul><\/div><\/div>\n","protected":false},"excerpt":{"rendered":"","protected":false},"author":1,"featured_media":0,"parent":0,"menu_order":0,"comment_status":"closed","ping_status":"closed","template":"","meta":{"_acf_changed":false,"_seopress_robots_primary_cat":"","_seopress_titles_title":"","_seopress_titles_desc":"","_seopress_robots_index":"yes","footnotes":""},"class_list":["post-79","page","type-page","status-publish","hentry"],"acf":[],"_links":{"self":[{"href":"https:\/\/apnglobal.ca\/fr\/wp-json\/wp\/v2\/pages\/79","targetHints":{"allow":["GET"]}}],"collection":[{"href":"https:\/\/apnglobal.ca\/fr\/wp-json\/wp\/v2\/pages"}],"about":[{"href":"https:\/\/apnglobal.ca\/fr\/wp-json\/wp\/v2\/types\/page"}],"author":[{"embeddable":true,"href":"https:\/\/apnglobal.ca\/fr\/wp-json\/wp\/v2\/users\/1"}],"replies":[{"embeddable":true,"href":"https:\/\/apnglobal.ca\/fr\/wp-json\/wp\/v2\/comments?post=79"}],"version-history":[{"count":4,"href":"https:\/\/apnglobal.ca\/fr\/wp-json\/wp\/v2\/pages\/79\/revisions"}],"predecessor-version":[{"id":183,"href":"https:\/\/apnglobal.ca\/fr\/wp-json\/wp\/v2\/pages\/79\/revisions\/183"}],"wp:attachment":[{"href":"https:\/\/apnglobal.ca\/fr\/wp-json\/wp\/v2\/media?parent=79"}],"curies":[{"name":"wp","href":"https:\/\/api.w.org\/{rel}","templated":true}]}}